{"id":33,"date":"2026-02-25T09:46:44","date_gmt":"2026-02-25T09:46:44","guid":{"rendered":"https:\/\/ricomtlakg.kgt-staging.net\/?page_id=33"},"modified":"2026-02-25T12:15:36","modified_gmt":"2026-02-25T12:15:36","slug":"bilal","status":"publish","type":"page","link":"https:\/\/ricomtlakg.kgt-staging.net\/fr\/bilal\/","title":{"rendered":"Bilal"},"content":{"rendered":"<div data-elementor-type=\"wp-page\" data-elementor-id=\"33\" class=\"elementor elementor-33\" data-elementor-post-type=\"page\">\n\t\t\t\t<div class=\"elementor-element elementor-element-20233cea e-flex e-con-boxed e-con e-parent\" data-id=\"20233cea\" data-element_type=\"container\" data-e-type=\"container\" data-settings=\"{&quot;background_background&quot;:&quot;classic&quot;}\">\n\t\t\t\t\t<div class=\"e-con-inner\">\n\t\t<div class=\"elementor-element elementor-element-47f34cdd e-flex e-con-boxed e-con e-child\" data-id=\"47f34cdd\" data-element_type=\"container\" data-e-type=\"container\">\n\t\t\t\t\t<div class=\"e-con-inner\">\n\t\t<div class=\"elementor-element elementor-element-7c8ca8df e-con-full e-flex e-con e-child\" data-id=\"7c8ca8df\" data-element_type=\"container\" data-e-type=\"container\">\n\t\t<div class=\"elementor-element elementor-element-7ee4504a e-con-full e-flex e-con e-child\" data-id=\"7ee4504a\" data-element_type=\"container\" data-e-type=\"container\">\n\t\t\t\t<div class=\"elementor-element elementor-element-40f61412 elementor-widget elementor-widget-heading\" data-id=\"40f61412\" data-element_type=\"widget\" data-e-type=\"widget\" data-widget_type=\"heading.default\">\n\t\t\t\t\t<h2 class=\"elementor-heading-title elementor-size-default\">Nos services<\/h2>\t\t\t\t<\/div>\n\t\t\t\t<\/div>\n\t\t<div class=\"elementor-element elementor-element-49bae39a e-con-full e-flex e-con e-child\" data-id=\"49bae39a\" data-element_type=\"container\" data-e-type=\"container\">\n\t\t\t\t<div class=\"elementor-element elementor-element-543fc638 elementor-widget__width-initial elementor-widget elementor-widget-text-editor\" data-id=\"543fc638\" data-element_type=\"widget\" data-e-type=\"widget\" data-widget_type=\"text-editor.default\">\n\t\t\t\t\t\t\t\t\t<p>\u201cL'art de la beaut\u00e9 durable au bout des doigts. Prenez rendez-vous d\u00e8s aujourd'hui et transformez votre quotidien.\u201d<\/p>\t\t\t\t\t\t\t\t<\/div>\n\t\t\t\t<\/div>\n\t\t\t\t<\/div>\n\t\t<div class=\"elementor-element elementor-element-5569245f e-con-full e-flex e-con e-child\" data-id=\"5569245f\" data-element_type=\"container\" data-e-type=\"container\">\n\t\t<div class=\"elementor-element elementor-element-40851f6b e-con-full e-flex e-con e-child\" data-id=\"40851f6b\" data-element_type=\"container\" data-e-type=\"container\" data-settings=\"{&quot;background_background&quot;:&quot;classic&quot;}\">\n\t\t\t\t<div class=\"elementor-element elementor-element-124aacac elementor-widget elementor-widget-image\" data-id=\"124aacac\" data-element_type=\"widget\" data-e-type=\"widget\" data-widget_type=\"image.default\">\n\t\t\t\t\t\t\t\t\t\t\t\t\t\t\t<img fetchpriority=\"high\" decoding=\"async\" width=\"315\" height=\"210\" src=\"https:\/\/ricomtlakg.kgt-staging.net\/wp-content\/uploads\/2026\/02\/image-part31@72x-100-1-1-qpi7xjelsa97942ggd5m6lkczqf5agd05jlfargsm4-1.png\" class=\"attachment-large size-large wp-image-35\" alt=\"\" srcset=\"https:\/\/ricomtlakg.kgt-staging.net\/wp-content\/uploads\/2026\/02\/image-part31@72x-100-1-1-qpi7xjelsa97942ggd5m6lkczqf5agd05jlfargsm4-1.png 315w, https:\/\/ricomtlakg.kgt-staging.net\/wp-content\/uploads\/2026\/02\/image-part31@72x-100-1-1-qpi7xjelsa97942ggd5m6lkczqf5agd05jlfargsm4-1-300x200.png 300w\" sizes=\"(max-width: 315px) 100vw, 315px\" \/>\t\t\t\t\t\t\t\t\t\t\t\t\t\t\t<\/div>\n\t\t\t\t<div class=\"elementor-element elementor-element-1f3aa5ca elementor-widget elementor-widget-heading\" data-id=\"1f3aa5ca\" data-element_type=\"widget\" data-e-type=\"widget\" data-widget_type=\"heading.default\">\n\t\t\t\t\t<h3 class=\"elementor-heading-title elementor-size-default\">Micropigmentation<\/h3>\t\t\t\t<\/div>\n\t\t\t\t<div class=\"elementor-element elementor-element-22a37cef elementor-widget__width-initial elementor-widget elementor-widget-text-editor\" data-id=\"22a37cef\" data-element_type=\"widget\" data-e-type=\"widget\" data-widget_type=\"text-editor.default\">\n\t\t\t\t\t\t\t\t\t<p>Revitalisez votre regard et red\u00e9finissez votre beaut\u00e9 gr\u00e2ce \u00e0 nos services de micropigmentation, l'art de la beaut\u00e9 durable au bout des doigts.<\/p>\t\t\t\t\t\t\t\t<\/div>\n\t\t\t\t<div class=\"elementor-element elementor-element-743c894c elementor-align-justify elementor-widget elementor-widget-button\" data-id=\"743c894c\" data-element_type=\"widget\" data-e-type=\"widget\" data-widget_type=\"button.default\">\n\t\t\t\t\t\t\t\t\t\t<a class=\"elementor-button elementor-button-link elementor-size-sm\" href=\"#\">\n\t\t\t\t\t\t<span class=\"elementor-button-content-wrapper\">\n\t\t\t\t\t\t\t\t\t<span class=\"elementor-button-text\">R\u00e9server<\/span>\n\t\t\t\t\t<\/span>\n\t\t\t\t\t<\/a>\n\t\t\t\t\t\t\t\t<\/div>\n\t\t\t\t<\/div>\n\t\t<div class=\"elementor-element elementor-element-23052f7 e-con-full e-flex e-con e-child\" data-id=\"23052f7\" data-element_type=\"container\" data-e-type=\"container\" data-settings=\"{&quot;background_background&quot;:&quot;classic&quot;}\">\n\t\t\t\t<div class=\"elementor-element elementor-element-647ec663 elementor-widget elementor-widget-image\" data-id=\"647ec663\" data-element_type=\"widget\" data-e-type=\"widget\" data-widget_type=\"image.default\">\n\t\t\t\t\t\t\t\t\t\t\t\t\t\t\t<img decoding=\"async\" src=\"https:\/\/ricomtlakg.kgt-staging.net\/wp-content\/uploads\/elementor\/thumbs\/0ecee0a20d2191637ed547ea67c1c83ca4feca61-rjo3btuski8lnr1c14kqiby6g6ie4ag9widomfxqcq.jpg\" title=\"0ecee0a20d2191637ed547ea67c1c83ca4feca61.jpg\" alt=\"0ecee0a20d2191637ed547ea67c1c83ca4feca61.jpg\" loading=\"lazy\" \/>\t\t\t\t\t\t\t\t\t\t\t\t\t\t\t<\/div>\n\t\t\t\t<div class=\"elementor-element elementor-element-4e727796 elementor-widget elementor-widget-heading\" data-id=\"4e727796\" data-element_type=\"widget\" data-e-type=\"widget\" data-widget_type=\"heading.default\">\n\t\t\t\t\t<h3 class=\"elementor-heading-title elementor-size-default\">D\u00e9tatouage<\/h3>\t\t\t\t<\/div>\n\t\t\t\t<div class=\"elementor-element elementor-element-21b87e49 elementor-widget elementor-widget-text-editor\" data-id=\"21b87e49\" data-element_type=\"widget\" data-e-type=\"widget\" data-widget_type=\"text-editor.default\">\n\t\t\t\t\t\t\t\t\t<p>Dites adieu aux vieux tatouages, aux taches de naissance ou au maquillage permanent ind\u00e9sirable gr\u00e2ce \u00e0 notre service de d\u00e9tatouage.<\/p>\t\t\t\t\t\t\t\t<\/div>\n\t\t\t\t<div class=\"elementor-element elementor-element-28ba9b6b elementor-align-justify elementor-widget elementor-widget-button\" data-id=\"28ba9b6b\" data-element_type=\"widget\" data-e-type=\"widget\" data-widget_type=\"button.default\">\n\t\t\t\t\t\t\t\t\t\t<a class=\"elementor-button elementor-button-link elementor-size-sm\" href=\"#\">\n\t\t\t\t\t\t<span class=\"elementor-button-content-wrapper\">\n\t\t\t\t\t\t\t\t\t<span class=\"elementor-button-text\">R\u00e9server<\/span>\n\t\t\t\t\t<\/span>\n\t\t\t\t\t<\/a>\n\t\t\t\t\t\t\t\t<\/div>\n\t\t\t\t<\/div>\n\t\t<div class=\"elementor-element elementor-element-4e057f12 e-con-full e-flex e-con e-child\" data-id=\"4e057f12\" data-element_type=\"container\" data-e-type=\"container\" data-settings=\"{&quot;background_background&quot;:&quot;classic&quot;}\">\n\t\t\t\t<div class=\"elementor-element elementor-element-2f4516a1 elementor-widget elementor-widget-image\" data-id=\"2f4516a1\" data-element_type=\"widget\" data-e-type=\"widget\" data-widget_type=\"image.default\">\n\t\t\t\t\t\t\t\t\t\t\t\t\t\t\t<img decoding=\"async\" width=\"604\" height=\"400\" src=\"https:\/\/ricomtlakg.kgt-staging.net\/wp-content\/uploads\/2026\/02\/b1e4a5b645e1ef2181b2dde836468e72840b31c7.png\" class=\"attachment-full size-full wp-image-37\" alt=\"\" srcset=\"https:\/\/ricomtlakg.kgt-staging.net\/wp-content\/uploads\/2026\/02\/b1e4a5b645e1ef2181b2dde836468e72840b31c7.png 604w, https:\/\/ricomtlakg.kgt-staging.net\/wp-content\/uploads\/2026\/02\/b1e4a5b645e1ef2181b2dde836468e72840b31c7-300x199.png 300w\" sizes=\"(max-width: 604px) 100vw, 604px\" \/>\t\t\t\t\t\t\t\t\t\t\t\t\t\t\t<\/div>\n\t\t\t\t<div class=\"elementor-element elementor-element-5acf003c elementor-widget elementor-widget-heading\" data-id=\"5acf003c\" data-element_type=\"widget\" data-e-type=\"widget\" data-widget_type=\"heading.default\">\n\t\t\t\t\t<h3 class=\"elementor-heading-title elementor-size-default\">Suppression du SMP<\/h3>\t\t\t\t<\/div>\n\t\t\t\t<div class=\"elementor-element elementor-element-438ac1b elementor-widget__width-initial elementor-widget elementor-widget-text-editor\" data-id=\"438ac1b\" data-element_type=\"widget\" data-e-type=\"widget\" data-widget_type=\"text-editor.default\">\n\t\t\t\t\t\t\t\t\t<p>L'\u00e9limination de la micropigmentation au laser est une proc\u00e9dure cosm\u00e9tique con\u00e7ue pour att\u00e9nuer ou \u00e9liminer compl\u00e8tement la micropigmentation ind\u00e9sirable du cuir chevelu.<\/p>\t\t\t\t\t\t\t\t<\/div>\n\t\t\t\t<div class=\"elementor-element elementor-element-22840f45 elementor-align-justify elementor-widget elementor-widget-button\" data-id=\"22840f45\" data-element_type=\"widget\" data-e-type=\"widget\" data-widget_type=\"button.default\">\n\t\t\t\t\t\t\t\t\t\t<a class=\"elementor-button elementor-button-link elementor-size-sm\" href=\"#\">\n\t\t\t\t\t\t<span class=\"elementor-button-content-wrapper\">\n\t\t\t\t\t\t\t\t\t<span class=\"elementor-button-text\">R\u00e9server<\/span>\n\t\t\t\t\t<\/span>\n\t\t\t\t\t<\/a>\n\t\t\t\t\t\t\t\t<\/div>\n\t\t\t\t<\/div>\n\t\t\t\t<\/div>\n\t\t<div class=\"elementor-element elementor-element-6bfba47 e-con-full e-flex e-con e-child\" data-id=\"6bfba47\" data-element_type=\"container\" data-e-type=\"container\">\n\t\t<div class=\"elementor-element elementor-element-4c39679 e-con-full e-flex e-con e-child\" data-id=\"4c39679\" data-element_type=\"container\" data-e-type=\"container\">\n\t\t<div class=\"elementor-element elementor-element-42cd2ff e-con-full e-flex e-con e-child\" data-id=\"42cd2ff\" data-element_type=\"container\" data-e-type=\"container\">\n\t\t\t\t<div class=\"elementor-element elementor-element-7647b9e elementor-widget elementor-widget-counter\" data-id=\"7647b9e\" data-element_type=\"widget\" data-e-type=\"widget\" data-widget_type=\"counter.default\">\n\t\t\t\t\t\t\t<div class=\"elementor-counter\">\n\t\t\t<div class=\"elementor-counter-title\">traitements<\/div>\t\t\t<div class=\"elementor-counter-number-wrapper\">\n\t\t\t\t<span class=\"elementor-counter-number-prefix\"><\/span>\n\t\t\t\t<span class=\"elementor-counter-number\" data-duration=\"2000\" data-to-value=\"2100\" data-from-value=\"0\">0<\/span>\n\t\t\t\t<span class=\"elementor-counter-number-suffix\"><\/span>\n\t\t\t<\/div>\n\t\t<\/div>\n\t\t\t\t\t\t<\/div>\n\t\t\t\t<\/div>\n\t\t<div class=\"elementor-element elementor-element-3f008fb e-con-full e-flex e-con e-child\" data-id=\"3f008fb\" data-element_type=\"container\" data-e-type=\"container\">\n\t\t\t\t<div class=\"elementor-element elementor-element-316d1ff elementor-widget elementor-widget-counter\" data-id=\"316d1ff\" data-element_type=\"widget\" data-e-type=\"widget\" data-widget_type=\"counter.default\">\n\t\t\t\t\t\t\t<div class=\"elementor-counter\">\n\t\t\t<div class=\"elementor-counter-title\">consultations<\/div>\t\t\t<div class=\"elementor-counter-number-wrapper\">\n\t\t\t\t<span class=\"elementor-counter-number-prefix\"><\/span>\n\t\t\t\t<span class=\"elementor-counter-number\" data-duration=\"2000\" data-to-value=\"1300\" data-from-value=\"0\">0<\/span>\n\t\t\t\t<span class=\"elementor-counter-number-suffix\"><\/span>\n\t\t\t<\/div>\n\t\t<\/div>\n\t\t\t\t\t\t<\/div>\n\t\t\t\t<\/div>\n\t\t<div class=\"elementor-element elementor-element-77c6c9d e-con-full e-flex e-con e-child\" data-id=\"77c6c9d\" data-element_type=\"container\" data-e-type=\"container\">\n\t\t\t\t<div class=\"elementor-element elementor-element-3dca91a elementor-widget elementor-widget-counter\" data-id=\"3dca91a\" data-element_type=\"widget\" data-e-type=\"widget\" data-widget_type=\"counter.default\">\n\t\t\t\t\t\t\t<div class=\"elementor-counter\">\n\t\t\t<div class=\"elementor-counter-title\">ann\u00e9es d'exp\u00e9rience<\/div>\t\t\t<div class=\"elementor-counter-number-wrapper\">\n\t\t\t\t<span class=\"elementor-counter-number-prefix\"><\/span>\n\t\t\t\t<span class=\"elementor-counter-number\" data-duration=\"2000\" data-to-value=\"7\" data-from-value=\"0\">0<\/span>\n\t\t\t\t<span class=\"elementor-counter-number-suffix\"><\/span>\n\t\t\t<\/div>\n\t\t<\/div>\n\t\t\t\t\t\t<\/div>\n\t\t\t\t<\/div>\n\t\t<div class=\"elementor-element elementor-element-81b705f e-con-full e-flex e-con e-child\" data-id=\"81b705f\" data-element_type=\"container\" data-e-type=\"container\">\n\t\t\t\t<div class=\"elementor-element elementor-element-9e0fd69 elementor-widget elementor-widget-counter\" data-id=\"9e0fd69\" data-element_type=\"widget\" data-e-type=\"widget\" data-widget_type=\"counter.default\">\n\t\t\t\t\t\t\t<div class=\"elementor-counter\">\n\t\t\t<div class=\"elementor-counter-title\">critiques positives<\/div>\t\t\t<div class=\"elementor-counter-number-wrapper\">\n\t\t\t\t<span class=\"elementor-counter-number-prefix\"><\/span>\n\t\t\t\t<span class=\"elementor-counter-number\" data-duration=\"2000\" data-to-value=\"120\" data-from-value=\"0\">0<\/span>\n\t\t\t\t<span class=\"elementor-counter-number-suffix\">+<\/span>\n\t\t\t<\/div>\n\t\t<\/div>\n\t\t\t\t\t\t<\/div>\n\t\t\t\t<\/div>\n\t\t\t\t<\/div>\n\t\t\t\t<\/div>\n\t\t\t\t\t<\/div>\n\t\t\t\t<\/div>\n\t\t\t\t\t<\/div>\n\t\t\t\t<\/div>\n\t\t\t\t<\/div>","protected":false},"excerpt":{"rendered":"<p>Our services \u201cThe art of lasting beauty at your fingertips. Schedule an appointment today and transform your everyday life.\u201d Micropigmentation Revitalize your gaze and redefine your beauty with our micropigmentation services.The art of lasting beauty at your fingertips. Book Now Tattoo Removal Say goodbye to old tattoos, birthmarks, or unwanted permanent makeup with our tattoo [&hellip;]<\/p>\n","protected":false},"author":1,"featured_media":0,"parent":0,"menu_order":0,"comment_status":"closed","ping_status":"closed","template":"elementor_canvas","meta":{"footnotes":""},"class_list":["post-33","page","type-page","status-publish","hentry"],"_links":{"self":[{"href":"https:\/\/ricomtlakg.kgt-staging.net\/fr\/wp-json\/wp\/v2\/pages\/33","targetHints":{"allow":["GET"]}}],"collection":[{"href":"https:\/\/ricomtlakg.kgt-staging.net\/fr\/wp-json\/wp\/v2\/pages"}],"about":[{"href":"https:\/\/ricomtlakg.kgt-staging.net\/fr\/wp-json\/wp\/v2\/types\/page"}],"author":[{"embeddable":true,"href":"https:\/\/ricomtlakg.kgt-staging.net\/fr\/wp-json\/wp\/v2\/users\/1"}],"replies":[{"embeddable":true,"href":"https:\/\/ricomtlakg.kgt-staging.net\/fr\/wp-json\/wp\/v2\/comments?post=33"}],"version-history":[{"count":107,"href":"https:\/\/ricomtlakg.kgt-staging.net\/fr\/wp-json\/wp\/v2\/pages\/33\/revisions"}],"predecessor-version":[{"id":289,"href":"https:\/\/ricomtlakg.kgt-staging.net\/fr\/wp-json\/wp\/v2\/pages\/33\/revisions\/289"}],"wp:attachment":[{"href":"https:\/\/ricomtlakg.kgt-staging.net\/fr\/wp-json\/wp\/v2\/media?parent=33"}],"curies":[{"name":"wp","href":"https:\/\/api.w.org\/{rel}","templated":true}]}}